{"id":10542,"date":"2023-02-23T09:51:32","date_gmt":"2023-02-23T08:51:32","guid":{"rendered":"https:\/\/www.sgb-fss.ch\/?page_id=10542"},"modified":"2026-02-05T14:28:50","modified_gmt":"2026-02-05T13:28:50","slug":"an-einem-stand-spenden","status":"publish","type":"page","link":"https:\/\/www.sgb-fss.ch\/de\/spenden\/an-einem-stand-spenden\/","title":{"rendered":"Stand- und Haust\u00fcrkampagnen"},"content":{"rendered":"\n<p class=\"is-style-lead\">Der Geh\u00f6rlosenbund ist mehrmals im Jahr mit seinen Spendenkampagnen an Informationsst\u00e4nden sowie im Rahmen von Haust\u00fcrbesuchen in verschiedenen St\u00e4dten der Schweiz unterwegs. Hier finden Sie eine \u00dcbersicht dar\u00fcber, wo wir uns aktuell befinden. Wir freuen uns auf ein pers\u00f6nliches Gespr\u00e4ch mit Ihnen!<\/p>\n\n\n\n<p class=\"is-style-lead has-sgb-fss-rot-color has-text-color\"><strong>Klicke auf die gekennzeichneten Orte auf der Karte<\/strong><\/p>\n\n\n<div class=\"wp-block-shortcode\">\n  \n<div id=\"sgb-map\" class=\"dialoger-map\"><\/div>\n\n<\/div>\n\n\n\n<div class=\"wp-block-columns is-layout-flex wp-container-core-columns-is-layout-9d6595d7 wp-block-columns-is-layout-flex\">\n<div class=\"wp-block-column is-vertically-aligned-center has-sgb-fss-rot-15-background-color has-background is-layout-flow wp-block-column-is-layout-flow\">\n<h4 class=\"wp-block-heading has-text-align-center\">Auf unserem Serviceportal nehmen wir gern Ihre                                             \u00c4nderungen und Anregungen entgegen:<\/h4>\n\n\n\n<div class=\"wp-block-buttons is-content-justification-center is-layout-flex wp-container-core-buttons-is-layout-16018d1d wp-block-buttons-is-layout-flex\">\n<div class=\"wp-block-button\"><a class=\"wp-block-button__link has-sgb-fss-rot-background-color has-background wp-element-button\" href=\"https:\/\/sgb-fss.spendenservice.com\/\">Hier geht\u2019s zum Serviceportal<\/a><\/div>\n<\/div>\n<\/div>\n<\/div>\n\n\n\n<div class=\"wp-block-columns is-layout-flex wp-container-core-columns-is-layout-9d6595d7 wp-block-columns-is-layout-flex\">\n<div class=\"wp-block-column is-layout-flow wp-block-column-is-layout-flow\" style=\"flex-basis:100%\">\n<div class=\"wp-block-group has-sgb-fss-rot-50-background-color has-background is-layout-flow wp-block-group-is-layout-flow\">\n<h3 class=\"wp-block-heading\">Gut zu wissen!<\/h3>\n\n\n\n<p>Du erkennst schnell und einfach, ob es sich um eine Informations-Kampagne des Schweizerischen Geh\u00f6rlosenbundes handelt: Sowohl die Kleidung der Dialoger*innen als auch der Informations-Stand tragen das Logo des schweizerischen Geh\u00f6rlosenbundes.&nbsp;<strong>Und wir akzeptieren nie Bargeld!<\/strong><\/p>\n\n\n\n<p><strong><em>Weitere Informationen findest du in unserem <a href=\"https:\/\/www.sgb-fss.ch\/content\/uploads\/2023\/03\/sgb_datenschutzerklaerung_corris_080323.pdf\" target=\"_blank\" rel=\"noreferrer noopener\">Datenschutz<\/a><\/em><\/strong><\/p>\n<\/div>\n<\/div>\n<\/div>\n\n\n<div class=\"block block-teaserpages\" id=\"block_4e186fa5ecf156ef968518e903b68bec\" data-block=\"Teaser Pages\">\n  <ul class=\"block-teaserpages__list\">\n            <li class=\"block-teaserpages__item\">\n        <a class=\"accent teaserpage\" href=\"https:\/\/www.sgb-fss.ch\/de\/spenden\/freie-spenden\/\">\n  <div class=\"teaserpage__thumbnail\">\n            <div class=\"image teaserpage__thumbnail-image\" >\n    <img decoding=\"async\"\n      loading=\"lazy\"\n      class=\"image__object lazyload\"\n      src=\"https:\/\/www.sgb-fss.ch\/content\/uploads\/2023\/03\/1_headerbild-2-1440x0-c-default.jpg\"       data-sizes=\"auto\"\n      data-srcset=\"https:\/\/www.sgb-fss.ch\/content\/uploads\/2023\/03\/1_headerbild-2-1000x0-c-default.jpg 1000w, https:\/\/www.sgb-fss.ch\/content\/uploads\/2023\/03\/1_headerbild-2-700x0-c-default.jpg 700w, https:\/\/www.sgb-fss.ch\/content\/uploads\/2023\/03\/1_headerbild-2-350x0-c-default.jpg 350w, \"\n      alt=\"\"\n      width=\"2128\"\n      height=\"1416\"\n            >\n  <\/div>\n      <\/div>\n  <h3 class=\"teaserpage__title\">Freie Spenden<\/h3>\n  <p class=\"teaserpage__lead\">Ihr Beitrag hilft, dass Menschen mit einer H\u00f6rbehinderung die gleichen Chancen erhalten wie H\u00f6rende &#8211; sei es in der Schule, in der Lehre, bei der Arbeit oder in der Freizeit.<\/p>  <\/a>\n      <\/li>\n            <li class=\"block-teaserpages__item\">\n        <a class=\"accent teaserpage\" href=\"https:\/\/www.sgb-fss.ch\/de\/spenden\/fuer-stiftungen-und-unternehmen\/\">\n  <div class=\"teaserpage__thumbnail\">\n            <div class=\"image teaserpage__thumbnail-image\" >\n    <img decoding=\"async\"\n      loading=\"lazy\"\n      class=\"image__object lazyload\"\n      src=\"https:\/\/www.sgb-fss.ch\/content\/uploads\/2023\/08\/istock-519967552-scaled-1440x0-c-default.jpg\"       data-sizes=\"auto\"\n      data-srcset=\"https:\/\/www.sgb-fss.ch\/content\/uploads\/2023\/08\/istock-519967552-scaled-1000x0-c-default.jpg 1000w, https:\/\/www.sgb-fss.ch\/content\/uploads\/2023\/08\/istock-519967552-scaled-700x0-c-default.jpg 700w, https:\/\/www.sgb-fss.ch\/content\/uploads\/2023\/08\/istock-519967552-scaled-350x0-c-default.jpg 350w, \"\n      alt=\"\"\n      width=\"2560\"\n      height=\"1707\"\n            >\n  <\/div>\n      <\/div>\n  <h3 class=\"teaserpage__title\">F\u00fcr Stiftungen und Unternehmen<\/h3>\n  <p class=\"teaserpage__lead\">Als Stiftungen sind Sie wichtige Unterst\u00fctzer, damit wir unsere diversen Projekte in den strategischen Handlungsfeldern umsetzen k\u00f6nnen. Ihr Engagement als Unternehmen bietet eine sinnvolle und nachhaltige Gelegenheit sich f\u00fcr die Anliegen von Menschen mit einer H\u00f6rbehinderungen in der Schweiz einzusetzen.<\/p>  <\/a>\n      <\/li>\n    <\/ul>\n<\/div>\n\n\n\n<div class=\"wp-block-group is-layout-flow wp-block-group-is-layout-flow\">\n<div class=\"wp-block-group is-layout-flow wp-block-group-is-layout-flow\"><div class=\"block block-teasercontacts block-teasercontacts--boxed\" id=\"block_80f2f77050ff6a5f43260fa34d713b69\" data-block=\"Teaser Contacts\">\n    <div class=\"block-teasercontacts__header\"><p class=\"block-teasercontacts__title\">F\u00fcr weitere Ausk\u00fcnfte zu unseren Stand-Aktionen stehe ich dir gerne zur Verf\u00fcgung. <\/p><\/div>    <div class=\"block-teasercontacts__list\">\n                                        <div class=\"block-teasercontacts__item\">\n                <div class=\"block-teasercontacts__link\">\n                    <div class=\"block-teasercontacts__media\">\n                        <div class=\"block-teasercontacts__thumbnail accent__violet has-background-accent\">\n                                                              <div class=\"image block-teasercontacts__thumbnail-image\" >\n    <img decoding=\"async\"\n      loading=\"lazy\"\n      class=\"image__object lazyload\"\n      src=\"https:\/\/www.sgb-fss.ch\/content\/uploads\/2021\/06\/carmela-zumbach-1440x0-c-default.jpg\"       data-sizes=\"auto\"\n      data-srcset=\"https:\/\/www.sgb-fss.ch\/content\/uploads\/2021\/06\/carmela-zumbach-200x0-c-default.jpg 200w, https:\/\/www.sgb-fss.ch\/content\/uploads\/2021\/06\/carmela-zumbach-100x0-c-default.jpg 100w, \"\n      alt=\"\"\n      width=\"567\"\n      height=\"567\"\n            >\n  <\/div>\n                                                    <\/div>\n                    <\/div>\n                    <div class=\"block-teasercontacts__text\">\n                        <p class=\"block-teasercontacts__name\"><strong><a href=\"https:\/\/www.sgb-fss.ch\/de\/team\/carmela-zumbach\/\">Carmela Zumbach<\/a><\/strong><\/p>\n                        <p class=\"block-teasercontacts__lead\">Fundraising und Berufsbildung<\/p>                    <\/div>\n                    <div class=\"block-teasercontacts__contacts\">\n                                                    <p>\n                                                                <a class=\"wp-block-button is-style-transparent\" href=\"mailto:c.zumbach@sgb-fss.ch\"><span class=\"wp-block-button__link\"><i class=\"icon icon--mail\"><svg data-name=\"Ebene 1\" xmlns=\"http:\/\/www.w3.org\/2000\/svg\" viewBox=\"0 0 24 24\"><path d=\"M20.76 2.31H3.24A3.12 3.12 0 0 0 .12 5.43v13.14a3.12 3.12 0 0 0 3.12 3.12h17.52a3.12 3.12 0 0 0 3.12-3.12V5.43a3.12 3.12 0 0 0-3.12-3.12zM2.09 5a1.27 1.27 0 0 1 1.15-.78h17.52a1.24 1.24 0 0 1 1.11.74l.05.09-.09.06L12 12l-.07-.05-9.87-6.9zM22 18.57a1.26 1.26 0 0 1-1.26 1.27H3.24A1.27 1.27 0 0 1 2 18.57V7.21l9.5 6.69a.89.89 0 0 0 1 0L22 7.25z\"\/><\/svg><\/i><span class=\"wp-block-button__label\">c.zumbach@sgb-fss.ch<\/span><\/span><\/a>                                                            <\/p>\n                                            <\/div>\n                <\/div>\n            <\/div>\n                    <\/div>\n<\/div>\n<\/div>\n<\/div>\n","protected":false},"excerpt":{"rendered":"<p>Der Geh\u00f6rlosenbund ist mehrmals im Jahr mit seinen Spendenkampagnen an Informationsst\u00e4nden sowie im Rahmen [&hellip;]<\/p>\n","protected":false},"author":40,"featured_media":11865,"parent":9091,"menu_order":312,"comment_status":"closed","ping_status":"closed","template":"","meta":{"_acf_changed":false,"inline_featured_image":false,"footnotes":""},"class_list":["post-10542","page","type-page","status-publish","has-post-thumbnail","hentry"],"acf":[],"yoast_head":"<!-- This site is optimized with the Yoast SEO plugin v27.4 - https:\/\/yoast.com\/product\/yoast-seo-wordpress\/ -->\n<title>Stand- und Haust\u00fcrkampagnen - SGB-FSS<\/title>\n<meta name=\"robots\" content=\"index, follow, max-snippet:-1, max-image-preview:large, max-video-preview:-1\" \/>\n<link rel=\"canonical\" href=\"https:\/\/www.sgb-fss.ch\/de\/spenden\/an-einem-stand-spenden\/\" \/>\n<meta property=\"og:locale\" content=\"de_DE\" \/>\n<meta property=\"og:type\" content=\"article\" \/>\n<meta property=\"og:title\" content=\"Stand- und Haust\u00fcrkampagnen - SGB-FSS\" \/>\n<meta property=\"og:description\" content=\"Der Geh\u00f6rlosenbund ist mehrmals im Jahr mit seinen Spendenkampagnen an Informationsst\u00e4nden sowie im Rahmen [&hellip;]\" \/>\n<meta property=\"og:url\" content=\"https:\/\/www.sgb-fss.ch\/de\/spenden\/an-einem-stand-spenden\/\" \/>\n<meta property=\"og:site_name\" content=\"SGB-FSS\" \/>\n<meta property=\"article:modified_time\" content=\"2026-02-05T13:28:50+00:00\" \/>\n<meta property=\"og:image\" content=\"https:\/\/www.sgb-fss.ch\/content\/uploads\/2023\/03\/i8a9498-1-e1693388396456-1024x576.jpg\" \/>\n\t<meta property=\"og:image:width\" content=\"1024\" \/>\n\t<meta property=\"og:image:height\" content=\"576\" \/>\n\t<meta property=\"og:image:type\" content=\"image\/jpeg\" \/>\n<meta name=\"twitter:card\" content=\"summary_large_image\" \/>\n<meta name=\"twitter:label1\" content=\"Gesch\u00e4tzte Lesezeit\" \/>\n\t<meta name=\"twitter:data1\" content=\"1\u00a0Minute\" \/>\n<script type=\"application\/ld+json\" class=\"yoast-schema-graph\">{\"@context\":\"https:\\\/\\\/schema.org\",\"@graph\":[{\"@type\":\"WebPage\",\"@id\":\"https:\\\/\\\/www.sgb-fss.ch\\\/de\\\/spenden\\\/an-einem-stand-spenden\\\/\",\"url\":\"https:\\\/\\\/www.sgb-fss.ch\\\/de\\\/spenden\\\/an-einem-stand-spenden\\\/\",\"name\":\"Stand- und Haust\u00fcrkampagnen - SGB-FSS\",\"isPartOf\":{\"@id\":\"https:\\\/\\\/www.sgb-fss.ch\\\/de\\\/#website\"},\"primaryImageOfPage\":{\"@id\":\"https:\\\/\\\/www.sgb-fss.ch\\\/de\\\/spenden\\\/an-einem-stand-spenden\\\/#primaryimage\"},\"image\":{\"@id\":\"https:\\\/\\\/www.sgb-fss.ch\\\/de\\\/spenden\\\/an-einem-stand-spenden\\\/#primaryimage\"},\"thumbnailUrl\":\"https:\\\/\\\/www.sgb-fss.ch\\\/content\\\/uploads\\\/2023\\\/03\\\/i8a9498-1-e1693388396456.jpg\",\"datePublished\":\"2023-02-23T08:51:32+00:00\",\"dateModified\":\"2026-02-05T13:28:50+00:00\",\"breadcrumb\":{\"@id\":\"https:\\\/\\\/www.sgb-fss.ch\\\/de\\\/spenden\\\/an-einem-stand-spenden\\\/#breadcrumb\"},\"inLanguage\":\"de\",\"potentialAction\":[{\"@type\":\"ReadAction\",\"target\":[\"https:\\\/\\\/www.sgb-fss.ch\\\/de\\\/spenden\\\/an-einem-stand-spenden\\\/\"]}]},{\"@type\":\"ImageObject\",\"inLanguage\":\"de\",\"@id\":\"https:\\\/\\\/www.sgb-fss.ch\\\/de\\\/spenden\\\/an-einem-stand-spenden\\\/#primaryimage\",\"url\":\"https:\\\/\\\/www.sgb-fss.ch\\\/content\\\/uploads\\\/2023\\\/03\\\/i8a9498-1-e1693388396456.jpg\",\"contentUrl\":\"https:\\\/\\\/www.sgb-fss.ch\\\/content\\\/uploads\\\/2023\\\/03\\\/i8a9498-1-e1693388396456.jpg\",\"width\":2495,\"height\":1404},{\"@type\":\"BreadcrumbList\",\"@id\":\"https:\\\/\\\/www.sgb-fss.ch\\\/de\\\/spenden\\\/an-einem-stand-spenden\\\/#breadcrumb\",\"itemListElement\":[{\"@type\":\"ListItem\",\"position\":1,\"name\":\"Home\",\"item\":\"https:\\\/\\\/www.sgb-fss.ch\\\/de\\\/\"},{\"@type\":\"ListItem\",\"position\":2,\"name\":\"Spenden und Chance schenken\",\"item\":\"https:\\\/\\\/www.sgb-fss.ch\\\/de\\\/spenden\\\/\"},{\"@type\":\"ListItem\",\"position\":3,\"name\":\"Stand- und Haust\u00fcrkampagnen\"}]},{\"@type\":\"WebSite\",\"@id\":\"https:\\\/\\\/www.sgb-fss.ch\\\/de\\\/#website\",\"url\":\"https:\\\/\\\/www.sgb-fss.ch\\\/de\\\/\",\"name\":\"SGB-FSS\",\"description\":\"\",\"potentialAction\":[{\"@type\":\"SearchAction\",\"target\":{\"@type\":\"EntryPoint\",\"urlTemplate\":\"https:\\\/\\\/www.sgb-fss.ch\\\/de\\\/?s={search_term_string}\"},\"query-input\":{\"@type\":\"PropertyValueSpecification\",\"valueRequired\":true,\"valueName\":\"search_term_string\"}}],\"inLanguage\":\"de\"}]}<\/script>\n<!-- \/ Yoast SEO plugin. -->","yoast_head_json":{"title":"Stand- und Haust\u00fcrkampagnen - SGB-FSS","robots":{"index":"index","follow":"follow","max-snippet":"max-snippet:-1","max-image-preview":"max-image-preview:large","max-video-preview":"max-video-preview:-1"},"canonical":"https:\/\/www.sgb-fss.ch\/de\/spenden\/an-einem-stand-spenden\/","og_locale":"de_DE","og_type":"article","og_title":"Stand- und Haust\u00fcrkampagnen - SGB-FSS","og_description":"Der Geh\u00f6rlosenbund ist mehrmals im Jahr mit seinen Spendenkampagnen an Informationsst\u00e4nden sowie im Rahmen [&hellip;]","og_url":"https:\/\/www.sgb-fss.ch\/de\/spenden\/an-einem-stand-spenden\/","og_site_name":"SGB-FSS","article_modified_time":"2026-02-05T13:28:50+00:00","og_image":[{"width":1024,"height":576,"url":"https:\/\/www.sgb-fss.ch\/content\/uploads\/2023\/03\/i8a9498-1-e1693388396456-1024x576.jpg","type":"image\/jpeg"}],"twitter_card":"summary_large_image","twitter_misc":{"Gesch\u00e4tzte Lesezeit":"1\u00a0Minute"},"schema":{"@context":"https:\/\/schema.org","@graph":[{"@type":"WebPage","@id":"https:\/\/www.sgb-fss.ch\/de\/spenden\/an-einem-stand-spenden\/","url":"https:\/\/www.sgb-fss.ch\/de\/spenden\/an-einem-stand-spenden\/","name":"Stand- und Haust\u00fcrkampagnen - SGB-FSS","isPartOf":{"@id":"https:\/\/www.sgb-fss.ch\/de\/#website"},"primaryImageOfPage":{"@id":"https:\/\/www.sgb-fss.ch\/de\/spenden\/an-einem-stand-spenden\/#primaryimage"},"image":{"@id":"https:\/\/www.sgb-fss.ch\/de\/spenden\/an-einem-stand-spenden\/#primaryimage"},"thumbnailUrl":"https:\/\/www.sgb-fss.ch\/content\/uploads\/2023\/03\/i8a9498-1-e1693388396456.jpg","datePublished":"2023-02-23T08:51:32+00:00","dateModified":"2026-02-05T13:28:50+00:00","breadcrumb":{"@id":"https:\/\/www.sgb-fss.ch\/de\/spenden\/an-einem-stand-spenden\/#breadcrumb"},"inLanguage":"de","potentialAction":[{"@type":"ReadAction","target":["https:\/\/www.sgb-fss.ch\/de\/spenden\/an-einem-stand-spenden\/"]}]},{"@type":"ImageObject","inLanguage":"de","@id":"https:\/\/www.sgb-fss.ch\/de\/spenden\/an-einem-stand-spenden\/#primaryimage","url":"https:\/\/www.sgb-fss.ch\/content\/uploads\/2023\/03\/i8a9498-1-e1693388396456.jpg","contentUrl":"https:\/\/www.sgb-fss.ch\/content\/uploads\/2023\/03\/i8a9498-1-e1693388396456.jpg","width":2495,"height":1404},{"@type":"BreadcrumbList","@id":"https:\/\/www.sgb-fss.ch\/de\/spenden\/an-einem-stand-spenden\/#breadcrumb","itemListElement":[{"@type":"ListItem","position":1,"name":"Home","item":"https:\/\/www.sgb-fss.ch\/de\/"},{"@type":"ListItem","position":2,"name":"Spenden und Chance schenken","item":"https:\/\/www.sgb-fss.ch\/de\/spenden\/"},{"@type":"ListItem","position":3,"name":"Stand- und Haust\u00fcrkampagnen"}]},{"@type":"WebSite","@id":"https:\/\/www.sgb-fss.ch\/de\/#website","url":"https:\/\/www.sgb-fss.ch\/de\/","name":"SGB-FSS","description":"","potentialAction":[{"@type":"SearchAction","target":{"@type":"EntryPoint","urlTemplate":"https:\/\/www.sgb-fss.ch\/de\/?s={search_term_string}"},"query-input":{"@type":"PropertyValueSpecification","valueRequired":true,"valueName":"search_term_string"}}],"inLanguage":"de"}]}},"_links":{"self":[{"href":"https:\/\/www.sgb-fss.ch\/de\/wp-json\/wp\/v2\/pages\/10542","targetHints":{"allow":["GET"]}}],"collection":[{"href":"https:\/\/www.sgb-fss.ch\/de\/wp-json\/wp\/v2\/pages"}],"about":[{"href":"https:\/\/www.sgb-fss.ch\/de\/wp-json\/wp\/v2\/types\/page"}],"author":[{"embeddable":true,"href":"https:\/\/www.sgb-fss.ch\/de\/wp-json\/wp\/v2\/users\/40"}],"replies":[{"embeddable":true,"href":"https:\/\/www.sgb-fss.ch\/de\/wp-json\/wp\/v2\/comments?post=10542"}],"version-history":[{"count":61,"href":"https:\/\/www.sgb-fss.ch\/de\/wp-json\/wp\/v2\/pages\/10542\/revisions"}],"predecessor-version":[{"id":43698,"href":"https:\/\/www.sgb-fss.ch\/de\/wp-json\/wp\/v2\/pages\/10542\/revisions\/43698"}],"up":[{"embeddable":true,"href":"https:\/\/www.sgb-fss.ch\/de\/wp-json\/wp\/v2\/pages\/9091"}],"wp:featuredmedia":[{"embeddable":true,"href":"https:\/\/www.sgb-fss.ch\/de\/wp-json\/wp\/v2\/media\/11865"}],"wp:attachment":[{"href":"https:\/\/www.sgb-fss.ch\/de\/wp-json\/wp\/v2\/media?parent=10542"}],"curies":[{"name":"wp","href":"https:\/\/api.w.org\/{rel}","templated":true}]}}